{"id":2860,"date":"2022-10-29T22:23:29","date_gmt":"2022-10-29T22:23:29","guid":{"rendered":"https:\/\/mv-schmalnau.de\/?page_id=2860"},"modified":"2024-12-26T19:32:20","modified_gmt":"2024-12-26T19:32:20","slug":"termine-2023","status":"publish","type":"page","link":"https:\/\/mv-schmalnau.de\/index.php\/termine-2023\/","title":{"rendered":"Termine 2023"},"content":{"rendered":"\n<figure class=\"wp-block-table alignwide is-style-stripes\"><table class=\"has-dark-gray-color has-text-color\"><thead><tr><th>Datum<\/th><th class=\"has-text-align-left\" data-align=\"left\">zeit<\/th><th>titel<\/th><th>ort<\/th><th>kurzbeschreibung<\/th><\/tr><\/thead><tbody><tr><td>Do 02.02.2023<\/td><td class=\"has-text-align-left\" data-align=\"left\">19.30 Uhr<\/td><td>Erste Probe<\/td><td><\/td><td><\/td><\/tr><tr><td>So 12.02.2023<\/td><td class=\"has-text-align-left\" data-align=\"left\">14.00 Uhr<\/td><td>St\u00e4ndchen 90.Geburtstag<\/td><td>Weikardshof<\/td><td><\/td><\/tr><tr><td>Sa 18.02.2023<\/td><td class=\"has-text-align-left\" data-align=\"left\">14.00 Uhr<\/td><td>Seniorenfastnacht<\/td><td>B\u00fcrgerhaus Weyhers<\/td><td>Unterhaltung 14.00 &#8211; 17.00 Uhr<\/td><\/tr><tr><td>So 26.02.2023<\/td><td class=\"has-text-align-left\" data-align=\"left\">11.00 Uhr<\/td><td>St\u00e4ndchen Geburtstag<\/td><td>Oberwirt Weyhers<\/td><td>1,5 Stunden<\/td><\/tr><tr><td>Mo 10.04.2023<\/td><td class=\"has-text-align-left\" data-align=\"left\">09.30 Uhr<\/td><td>Trad. Osterspielen<\/td><td>Kirche Weyhers<\/td><td><\/td><\/tr><tr><td>So 23.04.2023<\/td><td class=\"has-text-align-left\" data-align=\"left\">09.30 Uhr<\/td><td>Kommunion<\/td><td>Kirche Weyhers<\/td><td>Treffen an der Kirche Weyhers<\/td><\/tr><tr><td>So 30.04.2023<\/td><td class=\"has-text-align-left\" data-align=\"left\">09.30 Uhr<\/td><td>Kommunion<\/td><td>Kirche Schmalnau<\/td><td>Treffen 09.15 Uhr am Pfarrheim<\/td><\/tr><tr><td>So 14.05.2023<\/td><td class=\"has-text-align-left\" data-align=\"left\">16.00 Uhr<\/td><td>Floriansfest<\/td><td>Schmalnau<\/td><td>Unterhaltung<\/td><\/tr><tr><td>Do 18.05.2023<\/td><td class=\"has-text-align-left\" data-align=\"left\"><\/td><td>Christi Himmelfahrt<\/td><td>Schmalnau<\/td><td>Prozession<\/td><\/tr><tr><td>Do 18.05.2023<\/td><td class=\"has-text-align-left\" data-align=\"left\"><\/td><td>Christi Himmelfahrt <\/td><td>Weyhers <\/td><td>Prozession <\/td><\/tr><tr><td>So 04.06.2023<\/td><td class=\"has-text-align-left\" data-align=\"left\">08.00 Uhr<\/td><td>Bonifatius Wallfahrt<\/td><td>Fulda<\/td><td>08.00 Uhr ab Aueweiher<\/td><\/tr><tr><td>Do 08.06.2023<\/td><td class=\"has-text-align-left\" data-align=\"left\"><\/td><td>Fronleichnam <\/td><td>Weyhers <\/td><td>Prozession<\/td><\/tr><tr><td>Do 08.06.2023<\/td><td class=\"has-text-align-left\" data-align=\"left\"><\/td><td>Fronleichnam <\/td><td>Schmalnau <\/td><td>Prozession<strong> <\/strong><\/td><\/tr><tr><td>Sa 10.06.2023<\/td><td class=\"has-text-align-left\" data-align=\"left\">17.30 Uhr<\/td><td>St\u00e4ndchen Hochzeit<\/td><td>Kleinl\u00fcder<\/td><td>Schlagberghof<\/td><\/tr><tr><td>So + Mo 18.+19.06<\/td><td class=\"has-text-align-left\" data-align=\"left\"><\/td><td>40 Jahre Musikverein Schmalnau<\/td><td>B\u00fcrgerhaus Schmalnau<\/td><td>Festtage<\/td><\/tr><tr><td>So 25.06.2023<\/td><td class=\"has-text-align-left\" data-align=\"left\"><\/td><td>Johannesmarkt<\/td><td>Hettenhausen<\/td><td>Kirche und Fr\u00fchschoppen<\/td><\/tr><tr><td>So 30.07.2023<\/td><td class=\"has-text-align-left\" data-align=\"left\">11.00-13.00 Uhr<\/td><td>Pfarrfest<\/td><td>Weyhers<\/td><td>Fr\u00fchschoppen<\/td><\/tr><tr><td>So 06.08.2023<\/td><td class=\"has-text-align-left\" data-align=\"left\">13.00-15.30 Uhr<\/td><td>Blasmusik am Guckaisee<\/td><td>Guckaisee<\/td><td><strong><mark style=\"background-color:rgba(0, 0, 0, 0)\" class=\"has-inline-color has-red-color\">Wetterbedingt vom Veranstalter abgesagt<\/mark><\/strong><\/td><\/tr><tr><td>So 13.08.2023<\/td><td class=\"has-text-align-left\" data-align=\"left\">10.30 Uhr<\/td><td>Messe an der Grotte<\/td><td>Schmalnau<\/td><td><\/td><\/tr><tr><td>So 15.10.2023<\/td><td class=\"has-text-align-left\" data-align=\"left\">13.00-17.00 Uhr<\/td><td>Kirmes Schmalnau<\/td><td>Mehrzweckhalle Schmalnau<\/td><td><\/td><\/tr><tr><td>So 05.11.2023<\/td><td class=\"has-text-align-left\" data-align=\"left\">13.00 &#8211; 18.00 Uhr<\/td><td>Kirmes<\/td><td>Weyhers<\/td><td><\/td><\/tr><tr><td>So 19.11.2023<\/td><td class=\"has-text-align-left\" data-align=\"left\"><\/td><td>Volkstrauertag<\/td><td>Friedhof Schmalnau<\/td><td><\/td><\/tr><tr><td>So 19.11.2023<\/td><td class=\"has-text-align-left\" data-align=\"left\"><\/td><td>Volkstrauertag<\/td><td>Friedhof Weyhers<\/td><td><\/td><\/tr><tr><td>So 10.12.2023<\/td><td class=\"has-text-align-left\" data-align=\"left\">16.00 Uhr<\/td><td>Adventskonzert<\/td><td>Kirche Weyhers<\/td><td><\/td><\/tr><tr><td>So 17.12.2023<\/td><td class=\"has-text-align-left\" data-align=\"left\">16.00 Uhr<\/td><td>Weihnachtskonzert<\/td><td>Kirche Schmalnau<\/td><td>Traditionelles Weihnachtskonzert<\/td><\/tr><tr><td>So 24.12.2023<\/td><td class=\"has-text-align-left\" data-align=\"left\">15.00 Uhr<\/td><td>Weihnachtslieder<\/td><td>Bruder-Konrad-Haus Weyhers<\/td><td><\/td><\/tr><tr><td>So 24.12.2023<\/td><td class=\"has-text-align-left\" data-align=\"left\">18.00 Uhr<\/td><td>Christmette<\/td><td>Kirche Schmalnau<\/td><td><\/td><\/tr><tr><td>Di 26.12.2023<\/td><td class=\"has-text-align-left\" data-align=\"left\">10.00 Uhr<\/td><td>Weihnachtsmesse<\/td><td>Kirche Weyhers<\/td><td><\/td><\/tr><tr><td><\/td><td class=\"has-text-align-left\" data-align=\"left\"><\/td><td><\/td><td><\/td><td><\/td><\/tr><\/tbody><\/table><\/figure>\n","protected":false},"excerpt":{"rendered":"<p>Datum zeit titel ort kurzbeschreibung Do 02.02.2023 19.30 Uhr Erste Probe So 12.02.2023 14.00 Uhr St\u00e4ndchen 90.Geburtstag Weikardshof Sa 18.02.2023 14.00 Uhr Seniorenfastnacht B\u00fcrgerhaus Weyhers Unterhaltung 14.00 &#8211; 17.00 Uhr So 26.02.2023 11.00 Uhr St\u00e4ndchen Geburtstag Oberwirt Weyhers 1,5 Stunden Mo 10.04.2023 09.30 Uhr Trad. Osterspielen Kirche Weyhers So 23.04.2023 09.30 Uhr Kommunion Kirche Weyhers &hellip; <a href=\"https:\/\/mv-schmalnau.de\/index.php\/termine-2023\/\" class=\"more-link\"><span class=\"screen-reader-text\">Termine 2023<\/span> weiterlesen <span class=\"meta-nav\">&rarr;<\/span><\/a><\/p>\n","protected":false},"author":1,"featured_media":0,"parent":0,"menu_order":0,"comment_status":"closed","ping_status":"closed","template":"","meta":{"footnotes":""},"class_list":["post-2860","page","type-page","status-publish","hentry"],"_links":{"self":[{"href":"https:\/\/mv-schmalnau.de\/index.php\/wp-json\/wp\/v2\/pages\/2860","targetHints":{"allow":["GET"]}}],"collection":[{"href":"https:\/\/mv-schmalnau.de\/index.php\/wp-json\/wp\/v2\/pages"}],"about":[{"href":"https:\/\/mv-schmalnau.de\/index.php\/wp-json\/wp\/v2\/types\/page"}],"author":[{"embeddable":true,"href":"https:\/\/mv-schmalnau.de\/index.php\/wp-json\/wp\/v2\/users\/1"}],"replies":[{"embeddable":true,"href":"https:\/\/mv-schmalnau.de\/index.php\/wp-json\/wp\/v2\/comments?post=2860"}],"version-history":[{"count":0,"href":"https:\/\/mv-schmalnau.de\/index.php\/wp-json\/wp\/v2\/pages\/2860\/revisions"}],"wp:attachment":[{"href":"https:\/\/mv-schmalnau.de\/index.php\/wp-json\/wp\/v2\/media?parent=2860"}],"curies":[{"name":"wp","href":"https:\/\/api.w.org\/{rel}","templated":true}]}}