{"id":816,"date":"2014-06-29T18:52:51","date_gmt":"2014-06-29T18:52:51","guid":{"rendered":"http:\/\/mv-schmalnau.de\/?page_id=816"},"modified":"2014-06-30T15:24:09","modified_gmt":"2014-06-30T15:24:09","slug":"unsere-heimat","status":"publish","type":"page","link":"https:\/\/mv-schmalnau.de\/index.php\/unsere-heimat\/","title":{"rendered":"Unsere Heimat"},"content":{"rendered":"<p><span style=\"color: #000000;\"><img loading=\"lazy\" decoding=\"async\" class=\"alignnone  wp-image-817\" src=\"http:\/\/mv-schmalnau.de\/wp-content\/uploads\/2014\/06\/dorf01.jpg\" alt=\"dorf01\" width=\"755\" height=\"566\" srcset=\"https:\/\/mv-schmalnau.de\/wp-content\/uploads\/2014\/06\/dorf01.jpg 560w, https:\/\/mv-schmalnau.de\/wp-content\/uploads\/2014\/06\/dorf01-300x225.jpg 300w\" sizes=\"auto, (max-width: 755px) 100vw, 755px\" \/><\/span><\/p>\n<p><span style=\"color: #000000;\">Angesiedelt am Zusammenfluss von Fulda und Schmalle, unmittelbar umgeben von bewaldeten H\u00f6hen des Hegbergs, der Lindenhardt, des Horstbergs und Steink\u00fcppels,<\/span><span style=\"color: #000000;\">in gesch\u00fctzter Mehr-Tal-Lage mit zahlreichen Verkehrsverbindungen und der Einladung zu erholsamen Spazierg\u00e4ngen, das ist unser Heimatort\u00a0<\/span><span style=\"color: #000000; font-size: medium;\"><\/p>\n","protected":false},"excerpt":{"rendered":"<p>Angesiedelt am Zusammenfluss von Fulda und Schmalle, unmittelbar umgeben von bewaldeten H\u00f6hen des Hegbergs, der Lindenhardt, des Horstbergs und Steink\u00fcppels,in gesch\u00fctzter Mehr-Tal-Lage mit zahlreichen Verkehrsverbindungen und der Einladung zu erholsamen Spazierg\u00e4ngen, das ist unser Heimatort\u00a0<\/p>\n","protected":false},"author":1,"featured_media":0,"parent":0,"menu_order":0,"comment_status":"closed","ping_status":"closed","template":"","meta":{"footnotes":""},"class_list":["post-816","page","type-page","status-publish","hentry"],"_links":{"self":[{"href":"https:\/\/mv-schmalnau.de\/index.php\/wp-json\/wp\/v2\/pages\/816","targetHints":{"allow":["GET"]}}],"collection":[{"href":"https:\/\/mv-schmalnau.de\/index.php\/wp-json\/wp\/v2\/pages"}],"about":[{"href":"https:\/\/mv-schmalnau.de\/index.php\/wp-json\/wp\/v2\/types\/page"}],"author":[{"embeddable":true,"href":"https:\/\/mv-schmalnau.de\/index.php\/wp-json\/wp\/v2\/users\/1"}],"replies":[{"embeddable":true,"href":"https:\/\/mv-schmalnau.de\/index.php\/wp-json\/wp\/v2\/comments?post=816"}],"version-history":[{"count":0,"href":"https:\/\/mv-schmalnau.de\/index.php\/wp-json\/wp\/v2\/pages\/816\/revisions"}],"wp:attachment":[{"href":"https:\/\/mv-schmalnau.de\/index.php\/wp-json\/wp\/v2\/media?parent=816"}],"curies":[{"name":"wp","href":"https:\/\/api.w.org\/{rel}","templated":true}]}}